{"id":73,"date":"2025-01-11T19:42:16","date_gmt":"2025-01-11T19:42:16","guid":{"rendered":"https:\/\/projektpivot.pl\/?page_id=73"},"modified":"2026-01-01T13:58:52","modified_gmt":"2026-01-01T13:58:52","slug":"projekty","status":"publish","type":"page","link":"https:\/\/projektpivot.pl\/index.php\/projekty\/","title":{"rendered":"Projekty"},"content":{"rendered":"\n<p><strong>W TRAKCIE REALIZACJI<\/strong><\/p>\n\n\n\n<p><\/p>\n\n\n\n<figure class=\"wp-block-image size-large has-custom-border wp-duotone-unset-1\" style=\"margin-top:0;margin-bottom:0\"><img loading=\"lazy\" decoding=\"async\" width=\"1024\" height=\"108\" src=\"http:\/\/projektpivot.pl\/wp-content\/uploads\/2025\/01\/logotypykolor-1024x108.jpg\" alt=\"\" class=\"wp-image-80\" style=\"border-style:none;border-width:0px;border-radius:0px;box-shadow:var(--wp--preset--shadow--deep)\" srcset=\"https:\/\/projektpivot.pl\/wp-content\/uploads\/2025\/01\/logotypykolor-1024x108.jpg 1024w, https:\/\/projektpivot.pl\/wp-content\/uploads\/2025\/01\/logotypykolor-300x32.jpg 300w, https:\/\/projektpivot.pl\/wp-content\/uploads\/2025\/01\/logotypykolor-768x81.jpg 768w, https:\/\/projektpivot.pl\/wp-content\/uploads\/2025\/01\/logotypykolor.jpg 1386w\" sizes=\"auto, (max-width: 1024px) 100vw, 1024px\" \/><\/figure>\n\n\n\n<pre class=\"wp-block-verse has-primary-color has-tertiary-background-color has-text-color has-background has-link-color wp-elements-a431dbd61487342831b16632eacd60b2\" style=\"border-style:none;border-width:0px;border-radius:0px;padding-top:var(--wp--preset--spacing--30);padding-right:var(--wp--preset--spacing--80);padding-bottom:var(--wp--preset--spacing--30);padding-left:var(--wp--preset--spacing--80);letter-spacing:0px;line-height:1\"><strong><em>M\u0141ODYM DAJMY SZANS\u0118 <\/em><\/strong><br><br>Projekt nr FEDS.07.05-IP.02-0170\/24, pt. \u201eM\u0142odym Dajmy Szans\u0119\u201d jest realizowany przez Fundacj\u0119 \u201eDajmy Szans\u0119\u201d w partnerstwie z Projekt Pivot Marta Poremba oraz Instytutem Innowacji Spo\u0142eczno-Ekonomicznych Marcin Pytel. <br><br>Projekt jest wsp\u00f3\u0142finansowany przez Uni\u0119 Europejsk\u0105 w ramach Europejskiego Funduszu Spo\u0142ecznego PLUS oraz bud\u017cet pa\u0144stwa, w ramach Programu Fundusze Europejskie dla Dolnego \u015al\u0105ska 2021-2027, Priorytet 7 Fundusze Europejskie na rzecz rynku pracy i w\u0142\u0105czenia spo\u0142ecznego na Dolnym \u015al\u0105sku, Dzia\u0142anie 7.5 Aktywna integracja <br><br>Okres realizacji: 01.07.2025-30.06.2027 <br><br>Ca\u0142kowity koszt projektu: 2 081 958,00 PLN Wk\u0142ad UE i bud\u017cetu pa\u0144stwa: 1 975 558,00 PLN <br><br>CEL G\u0141\u00d3WNY PROJEKTU: Wzrost szans na integracj\u0119 spo\u0142eczn\u0105 oraz aktywizacj\u0119 zawodow\u0105 100 (min. 60K) os\u00f3b w wieku 18-29 lat w tym min. 20 os. z niepe\u0142nosprawno\u015bciami, zagro\u017conych ub\u00f3stwem lub wykluczeniem spo\u0142ecznym, zaliczaj\u0105cych si\u0119 do zbiorowo\u015bci NEET, zamieszkuj\u0105cych na terenie wojew\u00f3dztwa dolno\u015bl\u0105skiego w okresie od 01.07.2025 do 30.06.2027 roku, poprzez zapewnienie im dobrej jako\u015bci oferty zatrudnienia, dalszego kszta\u0142cenia, przyuczenia do zawodu, sta\u017cu lub innej formy pomocy, prowadz\u0105cej do aktywizacji zawodowej w ci\u0105gu czterech miesi\u0119cy od dnia przyst\u0105pienia do projektu. <br><br>GRUPA DOCELOWA: Grupa docelowa (GD) to 100 os\u00f3b w wieku od 18 do 29 r.\u017c., pozostaj\u0105cych bez zatrudnienia, nie pracuj\u0105cych, nie ucz\u0105cych si\u0119 ani nie szkol\u0105cych si\u0119, zagro\u017conych ub\u00f3stwem lub wykluczeniem spo\u0142ecznym, w tym os. bezrobotne oraz bierne zawodowo z powodu niepe\u0142nosprawno\u015bci, zamieszkuj\u0105cych w rozumieniu przepis\u00f3w Kodeksu Cywilnego (KC) na terenie Dolnego \u015al\u0105ska (DS). <br><br>ZADANIA: <br>1. Doradztwo zawodowe <br>2. Szkolenia kompetencji spo\u0142ecznych <br>3. Szkolenia zawodowe <br>4. Po\u015brednictwo pracy <br>5. Sta\u017ce zawodowe <br>6. Wsparcie utrzymania zatrudnienia <br>7. Koszty po\u015brednie <br><br>G\u0141\u00d3WNE REZULTATY: <br>\u2013 poprawa sytuacji spo\u0142eczno-zawodowej min. 60 os\u00f3b <br>\u2013 uzyskanie kwalifikacji\/kompetencji zawodowych lub kompetencji spo\u0142ecznych przez min. 60 os\u00f3b <br>\u2013 zdobycie zatrudnienia przez min. 40 os\u00f3b. <br><br>Osoby spe\u0142niaj\u0105ce warunki uczestnictwa i zainteresowane otrzymaniem wsparcia zach\u0119camy do kontaktu. <br>Biuro projektu mie\u015bci si\u0119 pod adresem: Wroc\u0142aw ul. Pi\u0142sudskiego 95\/4, tel.71\/3468820, fund.dajmy.szanse@gmail.com<\/pre>\n\n\n\n<hr class=\"wp-block-separator alignwide has-alpha-channel-opacity\"\/>\n\n\n\n<p><\/p>\n\n\n\n<figure class=\"wp-block-image size-full has-custom-border wp-duotone-unset-2\" style=\"margin-top:0;margin-bottom:0\"><img loading=\"lazy\" decoding=\"async\" width=\"1386\" height=\"146\" src=\"https:\/\/projektpivot.pl\/wp-content\/uploads\/2025\/01\/logotypykolor.jpg\" alt=\"\" class=\"wp-image-80\" style=\"border-style:none;border-width:0px;border-radius:0px;box-shadow:var(--wp--preset--shadow--deep)\" srcset=\"https:\/\/projektpivot.pl\/wp-content\/uploads\/2025\/01\/logotypykolor.jpg 1386w, https:\/\/projektpivot.pl\/wp-content\/uploads\/2025\/01\/logotypykolor-300x32.jpg 300w, https:\/\/projektpivot.pl\/wp-content\/uploads\/2025\/01\/logotypykolor-1024x108.jpg 1024w, https:\/\/projektpivot.pl\/wp-content\/uploads\/2025\/01\/logotypykolor-768x81.jpg 768w\" sizes=\"auto, (max-width: 1386px) 100vw, 1386px\" \/><\/figure>\n\n\n\n<p class=\"has-text-align-left has-primary-color has-tertiary-background-color has-text-color has-background has-link-color wp-elements-73b2e40ad8fc8445924f33434c1873cc\" style=\"border-style:none;border-width:0px;border-radius:0px;padding-top:var(--wp--preset--spacing--30);padding-right:var(--wp--preset--spacing--80);padding-bottom:var(--wp--preset--spacing--30);padding-left:var(--wp--preset--spacing--80);letter-spacing:0px;line-height:1\"><strong><em>INICJATYWA &#8211; INTEGRACJA &#8211; AKTYWIZACJA <\/em><\/strong><br>Projekt nr FEDS.07.05-IP.02-0104\/24, pt. \u201eInicjatywa &#8211; Integracja &#8211; Aktywizacja\u201d jest realizowany przez Fundacj\u0119 \u201eDajmy Szans\u0119\u201d w partnerstwie z Projekt Pivot Marta Poremba, Instytut Innowacji Spo\u0142eczno-Ekonomicznych Marcin Pytel oraz Ekomentor Patrycja Kondracka. <br><br>Projekt jest wsp\u00f3\u0142finansowany przez Uni\u0119 Europejsk\u0105 w ramach Europejskiego Funduszu Spo\u0142ecznego PLUS oraz bud\u017cet pa\u0144stwa, w ramach Programu Fundusze Europejskie dla Dolnego \u015al\u0105ska 2021-2027, Priorytet 7 Fundusze Europejskie na rzecz rynku pracy i w\u0142\u0105czenia spo\u0142ecznego na Dolnym \u015al\u0105sku, Dzia\u0142anie 7.5 Aktywna integracja <br><br>Okres realizacji: 01.07.2024-30.06.2026 <br>Ca\u0142kowity koszt projektu: 2 081 958,00 PLN <br>Wk\u0142ad UE i bud\u017cetu pa\u0144stwa: 1 975 558,00 PLN <br><br>CEL G\u0141\u00d3WNY PROJEKTU: Wzrost szans na integracj\u0119 spo\u0142eczno-zawodow\u0105 100 os\u00f3b w wieku powy\u017cej 18 r.\u017c. w tym min. 20 os. z niepe\u0142nosprawno\u015bciami, zagro\u017conych ub\u00f3stwem lub wykluczeniem spo\u0142ecznym, zamieszkuj\u0105cych na terenie wojew\u00f3dztwa dolno\u015bl\u0105skiego w okresie od 01.07.2024 do 30.06.2026 roku. <br>Cel g\u0142\u00f3wny projektu wpisuje si\u0119 bezpo\u015brednio w cel Dzia\u0142ania FEDS.07.5, EFS+.CP4.H \u2013 \u201eWspieranie aktywnego w\u0142\u0105czenia spo\u0142ecznego w celu promowania r\u00f3wno\u015bci szans, niedyskryminacji i aktywnego uczestnictwa, oraz zwi\u0119kszanie zdolno\u015bci do zatrudnienia, w szczeg\u00f3lno\u015bci grup w niekorzystnej sytuacji\u201d. <br><br>GRUPA DOCELOWA: Grupa docelowa to 100 os\u00f3b w wieku pow. 18 roku \u017cycia, pozostaj\u0105cych bez zatrudnienia, zagro\u017conych ub\u00f3stwem lub wykluczeniem spo\u0142ecznym, w tym osoby bezrobotne oraz bierne zawodowo z powodu niepe\u0142nosprawno\u015bci, wymagaj\u0105ce w pierwszej kolejno\u015bci aktywizacji spo\u0142ecznej, nast\u0119pnie zawodowej, zamieszkuj\u0105ce w rozumieniu przepis\u00f3w Kodeksu Cywilnego na terenie Dolnego \u015al\u0105ska. <br>ZADANIA: <br>1. Poradnictwo psychologiczne <br>2. Coaching <br>3. Doradztwo zawodowe <br>4. Szkolenia kompetencji spo\u0142ecznych <br>5. Szkolenia zawodowe <br>6. Po\u015brednictwo pracy <br>7. Sta\u017ce zawodowe <br>8. Wsparcie utrzymania zatrudnienia <br><br>G\u0141\u00d3WNE REZULTATY: <br>&#8211; poprawa sytuacji spo\u0142ecznej min. 60 os\u00f3b <br>&#8211; uzyskanie kwalifikacji\/kompetencji zawodowych lub kompetencji spo\u0142ecznych przez min. 60 os\u00f3b <br>&#8211; zdobycie zatrudnienia przez min. 30 os\u00f3b. <br><br>Osoby spe\u0142niaj\u0105ce warunki uczestnictwa i zainteresowane otrzymaniem wsparcia zach\u0119camy do kontaktu. <br>Biuro projektu mie\u015bci si\u0119 pod adresem: Wroc\u0142aw ul. Pi\u0142sudskiego 95\/4, tel.739198840, fund.dajmy.szanse@gmail.com <br><br>Projekt jest zgodny z Konwencj\u0105 o Prawach Os\u00f3b Niepe\u0142nosprawnych, sporz\u0105dzon\u0105 w Nowym Jorku dnia 13 grudnia 2006 r. (Dz. U. z 2012 r. poz. 1169, z p\u00f3\u017an.zm.)[1] <br>W przypadku podejrzenia zaistnienia niezgodno\u015bci Projektu lub dzia\u0142a\u0144 Beneficjenta z postanowieniami Konwencji, sygna\u0142y, zg\u0142oszenia lub skargi w tym zakresie nale\u017cy zg\u0142asza\u0107 za pomoc\u0105 (w ka\u017cdym poni\u017cszym przypadku uznaje si\u0119 zg\u0142oszenie za przekazane w formie pisemnej): * poczty tradycyjnej \u2013 w formie listownej na adres IP FEDS \u2013 Instytucja Po\u015brednicz\u0105ca Funduszami Europejskimi dla Dolnego \u015al\u0105ska 2021-2027, kt\u00f3rej rol\u0119 pe\u0142ni Dolno\u015bl\u0105ski Wojew\u00f3dzki Urz\u0105d Pracy, ul. Kwiatkowskiego 4, 52-326 Wroc\u0142aw; * skrzynki nadawczej e-puap: Dolno\u015bl\u0105ski WUP [1] Konwencja ONZ o prawach os\u00f3b niepe\u0142nosprawnych: https:\/\/www.funduszeeuropejskie.gov.pl\/media\/13576\/Konwencja_ONZ_o_prawach_osob_niepelnosprawnych.pdf Konwencja ONZ o prawach os\u00f3b niepe\u0142nosprawnych \u2013 j\u0119zyk \u0142atwy: https:\/\/www.funduszeeuropejskie.gov.pl\/media\/13577\/konwencja_ONZ_easy_to_read.pdf <br>Celem Konwencji o prawach os\u00f3b niepe\u0142nosprawnych jest ochrona i zapewnienie pe\u0142nego i r\u00f3wnego korzystania z praw cz\u0142owieka i podstawowych wolno\u015bci przez osoby z niepe\u0142nosprawno\u015bciami na r\u00f3wni ze wszystkimi innymi obywatelami.<\/p>\n\n\n\n<pre class=\"wp-block-verse\"><strong>PROJEKTY ZREALIZOWANE<\/strong><\/pre>\n\n\n\n<figure class=\"wp-block-image size-full has-custom-border wp-duotone-unset-3\" style=\"margin-top:0;margin-bottom:0\"><img loading=\"lazy\" decoding=\"async\" width=\"1386\" height=\"146\" src=\"https:\/\/projektpivot.pl\/wp-content\/uploads\/2025\/01\/logotypykolor.jpg\" alt=\"\" class=\"wp-image-80\" style=\"border-style:none;border-width:0px;border-radius:0px;box-shadow:var(--wp--preset--shadow--deep)\" srcset=\"https:\/\/projektpivot.pl\/wp-content\/uploads\/2025\/01\/logotypykolor.jpg 1386w, https:\/\/projektpivot.pl\/wp-content\/uploads\/2025\/01\/logotypykolor-300x32.jpg 300w, https:\/\/projektpivot.pl\/wp-content\/uploads\/2025\/01\/logotypykolor-1024x108.jpg 1024w, https:\/\/projektpivot.pl\/wp-content\/uploads\/2025\/01\/logotypykolor-768x81.jpg 768w\" sizes=\"auto, (max-width: 1386px) 100vw, 1386px\" \/><\/figure>\n\n\n\n<pre class=\"wp-block-verse has-primary-color has-tertiary-background-color has-text-color has-background has-link-color wp-elements-37827b573ca66e0a4c74d86666eb72e5\" style=\"border-style:none;border-width:0px;border-radius:0px;padding-top:var(--wp--preset--spacing--30);padding-right:var(--wp--preset--spacing--80);padding-bottom:var(--wp--preset--spacing--30);padding-left:var(--wp--preset--spacing--80);letter-spacing:0px;line-height:1\"><strong><em>ADAPTACJA - INTEGRACJA<\/em><\/strong><br>Projekt nr FEDS.07.06-IP.02-0108\/24, pt. \u201eAdaptacja - Integracja\u201d jest realizowany przez Fundacj\u0119 \u201eDajmy Szans\u0119\u201d w partnerstwie z Projekt Pivot Marta Poremba, Instytut Innowacji Spo\u0142eczno-Ekonomicznych Marcin Pytel oraz Ekomentor Patrycja Kondracka. <br><br>Projekt jest wsp\u00f3\u0142finansowany przez Uni\u0119 Europejsk\u0105 w ramach Europejskiego Funduszu Spo\u0142ecznego PLUS oraz bud\u017cet pa\u0144stwa, w ramach Programu Fundusze Europejskie dla Dolnego \u015al\u0105ska 2021-2027, Priorytet 7 Fundusze Europejskie na rzecz rynku pracy i w\u0142\u0105czenia spo\u0142ecznego na Dolnym \u015al\u0105sku, Dzia\u0142anie 7.6 Dzia\u0142ania na rzecz integracji spo\u0142ecznej obywateli pa\u0144stw trzecich.<br><br>Okres realizacji: 01.10.2024-30.09.2025 <br>Ca\u0142kowity koszt projektu: 2 081 958,00 PLN <br>Wk\u0142ad UE i bud\u017cetu pa\u0144stwa: 1 975 558,00 PLN <br><br>CEL G\u0141\u00d3WNY PROJEKTU: Wzrost szans na integracj\u0119 spo\u0142eczno-zawodow\u0105 zamieszkuj\u0105cych na terenie Wroc\u0142awia 40 os\u00f3b (min. 24K), obywateli pa\u0144stw trzecich, w wieku powy\u017cej 18 r.\u017c., dotkni\u0119tych lub zagro\u017conych ub\u00f3stwem i wykluczeniem spo\u0142ecznym, w okresie od 01.10.2024 do 30.09.2025 roku.<br>Cel g\u0142\u00f3wny projektu wpisuje si\u0119 bezpo\u015brednio w cel Dzia\u0142ania FEDS.07.6, EFS+.CP4.I - Wspieranie integracji spo\u0142eczno-gospodarczej obywateli pa\u0144stw trzecich, w tym migrant\u00f3w\".<br><br>GRUPA DOCELOWA: Grupa docelowa to 40 os\u00f3b, obywateli pa\u0144stw trzecich, w tym migrant\u00f3w, w wieku pow. 18 r.\u017c., pozostaj\u0105cych bez zatrudnienia, dotkni\u0119tych lub zagro\u017conych ub\u00f3stwem i wykluczeniem spo\u0142ecznym, w tym osoby bezrobotne oraz bierne zawodowo, zamieszkuj\u0105ce w rozumieniu przepis\u00f3w Kodeksu Cywilnego (KC) na terenie Wroc\u0142awia.<br>ZADANIA:<br>1. Asystentura adaptacyjna <br>2. Poradnictwo psychologiczne <br>3. Coaching <br>4. Doradztwo zawodowe <br>5. Kursy j\u0119zyka polskiego z treningiem interkulturowym <br>6. Szkolenia zawodowe <br>7. Po\u015brednictwo pracy <br>8. Sta\u017ce zawodowe<br><br>G\u0141\u00d3WNE REZULTATY: <br>- rozwini\u0119cie zakresu us\u0142ug punktu pomocowego dla OPT, prowadzonego przez Fundacj\u0119 \"Dajmy Szans\u0119\" <br>- poprawa sytuacji spo\u0142ecznej min. 24 os\u00f3b - uzyskanie kwalifikacji\/kompetencji zawodowych lub kompetencji spo\u0142ecznych przez min. 24 osoby <br>- zdobycie zatrudnienia przez min. 10 os\u00f3b.<br><br>Biuro projektu mie\u015bci si\u0119 pod adresem: Wroc\u0142aw ul. Pi\u0142sudskiego 95\/4, tel.739198840, fund.dajmy.szanse@gmail.com <br><br>Projekt jest zgodny z Konwencj\u0105 o Prawach Os\u00f3b Niepe\u0142nosprawnych, sporz\u0105dzon\u0105 w Nowym Jorku dnia 13 grudnia 2006 r. (Dz. U. z 2012 r. poz. 1169, z p\u00f3\u017an.zm.)<br>[1] W przypadku podejrzenia zaistnienia niezgodno\u015bci Projektu lub dzia\u0142a\u0144 Beneficjenta z postanowieniami Konwencji, sygna\u0142y, zg\u0142oszenia lub skargi w tym zakresie nale\u017cy zg\u0142asza\u0107 za pomoc\u0105 (w ka\u017cdym poni\u017cszym przypadku uznaje si\u0119 zg\u0142oszenie za przekazane w formie pisemnej): * poczty tradycyjnej \u2013 w formie listownej na adres IP FEDS \u2013 Instytucja Po\u015brednicz\u0105ca Funduszami Europejskimi dla Dolnego \u015al\u0105ska 2021-2027, kt\u00f3rej rol\u0119 pe\u0142ni Dolno\u015bl\u0105ski Wojew\u00f3dzki Urz\u0105d Pracy, ul. Kwiatkowskiego 4, 52-326 Wroc\u0142aw; * skrzynki nadawczej e-puap: Dolno\u015bl\u0105ski WUP [1] Konwencja ONZ o prawach os\u00f3b niepe\u0142nosprawnych: https:\/\/www.funduszeeuropejskie.gov.pl\/media\/13576\/<br>Konwencja_ONZ_o_prawach_osob_niepelnosprawnych.pdf Konwencja ONZ o prawach os\u00f3b niepe\u0142nosprawnych \u2013 j\u0119zyk \u0142atwy: https:\/\/www.funduszeeuropejskie.gov.pl\/media\/13577\/konwencja_ONZ_easy_to_read.pdf <br>Celem Konwencji o prawach os\u00f3b niepe\u0142nosprawnych jest ochrona i zapewnienie pe\u0142nego i r\u00f3wnego korzystania z praw cz\u0142owieka i podstawowych wolno\u015bci przez osoby z niepe\u0142nosprawno\u015bciami na r\u00f3wni ze wszystkimi innymi obywatelami.<br><\/pre>\n\n\n\n<div class=\"wp-block-group is-layout-flow wp-block-group-is-layout-flow\" style=\"padding-top:30px;padding-right:30px;padding-bottom:30px;padding-left:30px\">\n<div class=\"wp-block-columns is-layout-flex wp-container-core-columns-is-layout-28f84493 wp-block-columns-is-layout-flex\">\n<div class=\"wp-block-column is-layout-flow wp-block-column-is-layout-flow\" style=\"flex-basis:50%\">\n<div class=\"wp-block-query is-layout-flow wp-block-query-is-layout-flow\"><ul class=\"wp-block-post-template is-layout-flow wp-block-post-template-is-layout-flow\"><li class=\"wp-block-post post-1 post type-post status-publish format-standard hentry category-uncategorized\"><\/li><\/ul><\/div>\n<\/div>\n<\/div>\n<\/div>\n\n\n\n<p><\/p>\n","protected":false},"excerpt":{"rendered":"<p>W TRAKCIE REALIZACJI M\u0141ODYM DAJMY SZANS\u0118 Projekt nr FEDS.07.05-IP.02-0170\/24, pt. \u201eM\u0142odym Dajmy Szans\u0119\u201d jest realizowany przez Fundacj\u0119 \u201eDajmy Szans\u0119\u201d w partnerstwie z Projekt Pivot Marta Poremba oraz Instytutem Innowacji Spo\u0142eczno-Ekonomicznych Marcin Pytel. Projekt jest wsp\u00f3\u0142finansowany przez Uni\u0119 Europejsk\u0105 w ramach Europejskiego Funduszu Spo\u0142ecznego PLUS oraz bud\u017cet pa\u0144stwa, w ramach Programu Fundusze Europejskie dla Dolnego \u015al\u0105ska [&hellip;]<\/p>\n","protected":false},"author":1,"featured_media":0,"parent":0,"menu_order":0,"comment_status":"closed","ping_status":"closed","template":"","meta":{"footnotes":""},"class_list":["post-73","page","type-page","status-publish","hentry"],"_links":{"self":[{"href":"https:\/\/projektpivot.pl\/index.php\/wp-json\/wp\/v2\/pages\/73","targetHints":{"allow":["GET"]}}],"collection":[{"href":"https:\/\/projektpivot.pl\/index.php\/wp-json\/wp\/v2\/pages"}],"about":[{"href":"https:\/\/projektpivot.pl\/index.php\/wp-json\/wp\/v2\/types\/page"}],"author":[{"embeddable":true,"href":"https:\/\/projektpivot.pl\/index.php\/wp-json\/wp\/v2\/users\/1"}],"replies":[{"embeddable":true,"href":"https:\/\/projektpivot.pl\/index.php\/wp-json\/wp\/v2\/comments?post=73"}],"version-history":[{"count":28,"href":"https:\/\/projektpivot.pl\/index.php\/wp-json\/wp\/v2\/pages\/73\/revisions"}],"predecessor-version":[{"id":119,"href":"https:\/\/projektpivot.pl\/index.php\/wp-json\/wp\/v2\/pages\/73\/revisions\/119"}],"wp:attachment":[{"href":"https:\/\/projektpivot.pl\/index.php\/wp-json\/wp\/v2\/media?parent=73"}],"curies":[{"name":"wp","href":"https:\/\/api.w.org\/{rel}","templated":true}]}}